{"id":40,"date":"2024-12-11T12:57:35","date_gmt":"2024-12-11T17:57:35","guid":{"rendered":"https:\/\/myhomeenergy.cga.ca\/page-daccueil\/"},"modified":"2024-12-11T14:26:56","modified_gmt":"2024-12-11T19:26:56","slug":"page-daccueil","status":"publish","type":"page","link":"https:\/\/myhomeenergy.cga.ca\/fr\/","title":{"rendered":"Page d&#8217;accueil"},"content":{"rendered":"\n<div class=\"wp-block-group alignfull has-global-padding is-layout-constrained wp-block-group-is-layout-constrained\">\t\t\t<div class=\"myhome-post-lists homepage-sliders columns-1 post-type-slider\" data-count=\"3\" id=\"myhome-post-lists-slider-1\" data-instance-no=\"1\">\n\t\t\t\t\t\t\t\t<div class=\"myhome-post-list post-list-type-slider post-list-7\">\n\t\t\t\t\t\t\t\t\t\t\t<div class=\"post-content-content\">\n\t\t\t\t\t\t\t\n<div class=\"wp-block-group alignfull gradient-container has-my-home-white-color has-text-color has-link-color wp-elements-47166d70bd20f45c391f4a8e19f299c3 has-global-padding is-layout-constrained wp-container-core-group-is-layout-639b5052 wp-block-group-is-layout-constrained has-background\" style=\"min-height:0px;padding-top:0;padding-right:0;padding-bottom:0;padding-left:0;background-image:url(&apos;https:\/\/myhomeenergy.cga.ca\/wp-content\/uploads\/2025\/05\/Kids-looking-out-window-at-snow-Canva-min.png&apos;);background-position:50% 50%;background-size:cover;background-attachment:scroll;\">\n<div class=\"wp-block-group alignfull gradient-box has-background has-global-padding is-layout-constrained wp-block-group-is-layout-constrained\" style=\"background:linear-gradient(45deg,rgba(10,94,122,0.56) 47%,rgba(82,202,242,0.06) 100%)\"><\/div>\n\n\n\n<div class=\"wp-block-group has-global-padding is-layout-constrained wp-container-core-group-is-layout-020e0ace wp-block-group-is-layout-constrained\" style=\"padding-top:var(--wp--preset--spacing--60);padding-right:var(--wp--preset--spacing--40);padding-bottom:var(--wp--preset--spacing--60);padding-left:var(--wp--preset--spacing--40)\">\n<h1 class=\"wp-block-heading has-my-home-white-color has-text-color has-link-color wp-elements-533b4cee1c825edcf5f08db6018554bc\" style=\"padding-top:var(--wp--preset--spacing--10);padding-bottom:var(--wp--preset--spacing--40)\"><strong>Reliable energy, <\/strong><br><strong>no matter the weather<\/strong><\/h1>\n\n\n\n<div class=\"wp-block-buttons is-layout-flex wp-block-buttons-is-layout-flex\">\n<div class=\"wp-block-button\"><a class=\"wp-block-button__link has-my-home-white-color has-my-home-light-blue-background-color has-text-color has-background has-link-color wp-element-button\" href=\"#reliable\" style=\"border-radius:0px;padding-top:var(--wp--preset--spacing--20);padding-right:var(--wp--preset--spacing--40);padding-bottom:var(--wp--preset--spacing--20);padding-left:var(--wp--preset--spacing--40)\" rel=\"\"><strong>Learn more<\/strong><\/a><\/div>\n<\/div>\n<\/div>\n<\/div>\n\t\t\t\t\t\t<\/div>\n\t\t\t\t\t\t\t\t\t\t<\/div><!-- .myhome-post-list -->\n\t\t\t\t\n\t\t\t\t<div class=\"myhome-post-list post-list-type-slider post-list-11\">\n\t\t\t\t\t\t\t\t\t\t\t<div class=\"post-content-content\">\n\t\t\t\t\t\t\t\n<div class=\"wp-block-group alignfull gradient-container has-my-home-white-color has-my-home-light-red-background-color has-text-color has-background has-link-color wp-elements-f51ab1ae0ae1c1c8cc0a2bccaac507c9 has-global-padding is-layout-constrained wp-container-core-group-is-layout-639b5052 wp-block-group-is-layout-constrained\" style=\"padding-top:0;padding-right:0;padding-bottom:0;padding-left:0;background-image:url(&apos;https:\/\/myhomeenergy.cga.ca\/wp-content\/uploads\/2025\/05\/Mother-daughter-with-piggy-bank-scaled.jpg&apos;);background-position:57.99999999999999% 43%;background-size:cover;\">\n<div class=\"wp-block-group alignfull gradient-box has-background has-global-padding is-layout-constrained wp-block-group-is-layout-constrained\" style=\"background:linear-gradient(45deg,rgba(10,94,122,0.56) 44%,rgba(72,217,173,0.06) 100%)\"><\/div>\n\n\n\n<div class=\"wp-block-group has-global-padding is-layout-constrained wp-container-core-group-is-layout-020e0ace wp-block-group-is-layout-constrained\" style=\"padding-top:var(--wp--preset--spacing--60);padding-right:var(--wp--preset--spacing--40);padding-bottom:var(--wp--preset--spacing--60);padding-left:var(--wp--preset--spacing--40)\">\n<h1 class=\"wp-block-heading has-my-home-white-color has-text-color has-link-color wp-elements-66ae4e89ac6d2b4480c4ed8d35417d5c\" style=\"padding-top:var(--wp--preset--spacing--10);padding-bottom:var(--wp--preset--spacing--40)\"><strong>Plenty of energy, <\/strong><br><strong>plenty of savings<\/strong><\/h1>\n\n\n\n<div class=\"wp-block-buttons is-layout-flex wp-block-buttons-is-layout-flex\">\n<div class=\"wp-block-button\"><a class=\"wp-block-button__link has-my-home-white-color has-my-home-dark-green-background-color has-text-color has-background has-link-color wp-element-button\" href=\"#affordable\" style=\"border-radius:0px;padding-top:var(--wp--preset--spacing--20);padding-right:var(--wp--preset--spacing--40);padding-bottom:var(--wp--preset--spacing--20);padding-left:var(--wp--preset--spacing--40)\"><strong>Learn more<\/strong><\/a><\/div>\n<\/div>\n<\/div>\n<\/div>\n\t\t\t\t\t\t<\/div>\n\t\t\t\t\t\t\t\t\t\t<\/div><!-- .myhome-post-list -->\n\t\t\t\t\n\t\t\t\t<div class=\"myhome-post-list post-list-type-slider post-list-12\">\n\t\t\t\t\t\t\t\t\t\t\t<div class=\"post-content-content\">\n\t\t\t\t\t\t\t\n<div class=\"wp-block-group alignfull gradient-container has-my-home-white-color has-my-home-dark-blue-background-color has-text-color has-background has-link-color wp-elements-b697586deb56452cb187bf1e2e9f20aa has-global-padding is-layout-constrained wp-container-core-group-is-layout-639b5052 wp-block-group-is-layout-constrained\" style=\"padding-top:0;padding-right:0;padding-bottom:0;padding-left:0;background-image:url(&apos;https:\/\/myhomeenergy.cga.ca\/wp-content\/uploads\/2025\/05\/Utility-worker-min-scaled.jpg&apos;);background-position:47% 28.999999999999996%;background-size:cover;\">\n<div class=\"wp-block-group alignfull gradient-box has-background has-global-padding is-layout-constrained wp-block-group-is-layout-constrained\" style=\"background:linear-gradient(45deg,rgba(140,24,88,0.55) 14%,rgba(255,145,28,0.06) 64%)\"><\/div>\n\n\n\n<div class=\"wp-block-group has-global-padding is-layout-constrained wp-container-core-group-is-layout-020e0ace wp-block-group-is-layout-constrained\" style=\"padding-top:var(--wp--preset--spacing--60);padding-right:var(--wp--preset--spacing--40);padding-bottom:var(--wp--preset--spacing--60);padding-left:var(--wp--preset--spacing--40)\">\n<h1 class=\"wp-block-heading has-my-home-white-color has-text-color has-link-color wp-elements-8a7f9c4943c1439b878ddbfb0bdcd86d\" style=\"padding-top:var(--wp--preset--spacing--10);padding-bottom:var(--wp--preset--spacing--40)\"><strong>Safe and <\/strong><br><strong>reliable delivery<\/strong><\/h1>\n\n\n\n<div class=\"wp-block-buttons is-layout-flex wp-block-buttons-is-layout-flex\">\n<div class=\"wp-block-button\"><a class=\"wp-block-button__link has-my-home-white-color has-my-home-dark-red-background-color has-text-color has-background has-link-color wp-element-button\" href=\"#safe\" style=\"border-radius:0px;padding-top:var(--wp--preset--spacing--20);padding-right:var(--wp--preset--spacing--40);padding-bottom:var(--wp--preset--spacing--20);padding-left:var(--wp--preset--spacing--40)\"><strong>Learn more<\/strong><\/a><\/div>\n<\/div>\n<\/div>\n<\/div>\n\t\t\t\t\t\t<\/div>\n\t\t\t\t\t\t\t\t\t\t<\/div><!-- .myhome-post-list -->\n\t\t\t\t\t\t\t<\/div>\n\t\t\t<\/div>\n\n<div class=\"wp-block-group alignfull has-my-home-white-color has-my-home-dark-blue-background-color has-text-color has-background has-link-color wp-elements-2e0a4718098fa9ba360213b1d1d1aa89 has-global-padding is-layout-constrained wp-container-core-group-is-layout-639b5052 wp-block-group-is-layout-constrained\" id=\"section-1\" style=\"padding-top:0;padding-right:0;padding-bottom:0;padding-left:0\">\n<div class=\"wp-block-group has-large-font-size has-global-padding is-layout-constrained wp-container-core-group-is-layout-80fb368b wp-block-group-is-layout-constrained\" style=\"padding-top:var(--wp--preset--spacing--30);padding-right:var(--wp--preset--spacing--30);padding-bottom:var(--wp--preset--spacing--30);padding-left:var(--wp--preset--spacing--30)\">\n<p class=\"has-text-align-center\">C&#8217;est vous qui d\u00e9cidez de la fa\u00e7on dont vous faites votre maison, votre vie et votre vie de famille !<\/p>\n\n\n\n<p class=\"has-text-align-center\">Choisir le gaz naturel comme source d&#8217;\u00e9nergie pour votre maison est une d\u00e9cision intelligente pour rendre l&#8217;\u00e9nergie abordable.<\/p>\n<\/div>\n<\/div>\n\n<div class=\"wp-block-group alignfull has-global-padding is-layout-constrained wp-block-group-is-layout-constrained\" id=\"section-2\" style=\"padding-top:var(--wp--preset--spacing--30);padding-bottom:var(--wp--preset--spacing--30)\">\n<div class=\"wp-block-group has-global-padding is-layout-constrained wp-block-group-is-layout-constrained\" style=\"padding-top:0;padding-bottom:0\">\n<div class=\"wp-block-columns is-layout-flex wp-container-core-columns-is-layout-28f84493 wp-block-columns-is-layout-flex\">\n<div class=\"wp-block-column is-layout-flow wp-block-column-is-layout-flow\">\n<figure class=\"wp-block-image size-large\"><img loading=\"lazy\" decoding=\"async\" width=\"1024\" height=\"669\" src=\"https:\/\/myhomeenergy.cga.ca\/wp-content\/uploads\/2024\/12\/HP_Header_Image-1024x669.jpg\" alt=\"\" class=\"wp-image-23\" srcset=\"https:\/\/myhomeenergy.cga.ca\/wp-content\/uploads\/2024\/12\/HP_Header_Image-1024x669.jpg 1024w, https:\/\/myhomeenergy.cga.ca\/wp-content\/uploads\/2024\/12\/HP_Header_Image-300x196.jpg 300w, https:\/\/myhomeenergy.cga.ca\/wp-content\/uploads\/2024\/12\/HP_Header_Image-768x502.jpg 768w, https:\/\/myhomeenergy.cga.ca\/wp-content\/uploads\/2024\/12\/HP_Header_Image-1536x1003.jpg 1536w, https:\/\/myhomeenergy.cga.ca\/wp-content\/uploads\/2024\/12\/HP_Header_Image.jpg 1707w\" sizes=\"auto, (max-width: 1024px) 100vw, 1024px\" \/><\/figure>\n<\/div>\n\n\n\n<div class=\"wp-block-column is-layout-flow wp-block-column-is-layout-flow\">\n<h2 class=\"wp-block-heading\">Le d\u00eener est pr\u00eat !<\/h2>\n\n\n\n<p>Le gaz naturel permet \u00e0 votre cuisine de fonctionner sans interruption : Faire bouillir de l&#8217;eau pour les p\u00e2tes, pr\u00e9chauffer le four pour les biscuits et les repas gastronomiques. Le gaz naturel est un choix judicieux pour votre cuisine et votre portefeuille !<\/p>\n\n\n\n<div class=\"wp-block-buttons is-layout-flex wp-block-buttons-is-layout-flex\">\n<div class=\"wp-block-button\"><a class=\"wp-block-button__link has-my-home-white-color has-my-home-dark-red-background-color has-text-color has-background has-link-color wp-element-button\" href=\"#\" style=\"padding-top:var(--wp--preset--spacing--10);padding-right:var(--wp--preset--spacing--30);padding-bottom:var(--wp--preset--spacing--10);padding-left:var(--wp--preset--spacing--30)\">En savoir plus<\/a><\/div>\n<\/div>\n<\/div>\n<\/div>\n<\/div>\n<\/div>\n\n<div class=\"wp-block-group alignfull has-my-home-light-green-background-color has-background has-global-padding is-layout-constrained wp-block-group-is-layout-constrained\" id=\"section-3\" style=\"padding-top:var(--wp--preset--spacing--30);padding-bottom:var(--wp--preset--spacing--30)\">\n<div class=\"wp-block-group has-global-padding is-layout-constrained wp-block-group-is-layout-constrained\">\n<h2 class=\"wp-block-heading has-text-align-center\">Compatible avec d&#8217;autres sources d&#8217;\u00e9nergie<\/h2>\n\n\n\n<div style=\"height:var(--wp--preset--spacing--30)\" aria-hidden=\"true\" class=\"wp-block-spacer\"><\/div>\n\n\n\n<div class=\"wp-block-columns is-layout-flex wp-container-core-columns-is-layout-28f84493 wp-block-columns-is-layout-flex\">\n<div class=\"wp-block-column is-layout-flow wp-block-column-is-layout-flow\">\n<h3 class=\"wp-block-heading has-text-align-center\">Production d&#8217;\u00e9lectricit\u00e9<\/h3>\n\n\n\n<figure class=\"wp-block-image size-large\"><img loading=\"lazy\" decoding=\"async\" width=\"1024\" height=\"669\" src=\"https:\/\/myhomeenergy.cga.ca\/wp-content\/uploads\/2024\/12\/HP_Header_Image-1024x669.jpg\" alt=\"\" class=\"wp-image-23\" srcset=\"https:\/\/myhomeenergy.cga.ca\/wp-content\/uploads\/2024\/12\/HP_Header_Image-1024x669.jpg 1024w, https:\/\/myhomeenergy.cga.ca\/wp-content\/uploads\/2024\/12\/HP_Header_Image-300x196.jpg 300w, https:\/\/myhomeenergy.cga.ca\/wp-content\/uploads\/2024\/12\/HP_Header_Image-768x502.jpg 768w, https:\/\/myhomeenergy.cga.ca\/wp-content\/uploads\/2024\/12\/HP_Header_Image-1536x1003.jpg 1536w, https:\/\/myhomeenergy.cga.ca\/wp-content\/uploads\/2024\/12\/HP_Header_Image.jpg 1707w\" sizes=\"auto, (max-width: 1024px) 100vw, 1024px\" \/><\/figure>\n\n\n\n<div class=\"wp-block-buttons is-content-justification-center is-layout-flex wp-container-core-buttons-is-layout-a89b3969 wp-block-buttons-is-layout-flex\">\n<div class=\"wp-block-button\"><a class=\"wp-block-button__link has-my-home-white-color has-my-home-dark-red-background-color has-text-color has-background has-link-color wp-element-button\" href=\"#\" style=\"padding-top:var(--wp--preset--spacing--10);padding-right:var(--wp--preset--spacing--30);padding-bottom:var(--wp--preset--spacing--10);padding-left:var(--wp--preset--spacing--30)\">En savoir plus<\/a><\/div>\n<\/div>\n<\/div>\n\n\n\n<div class=\"wp-block-column is-layout-flow wp-block-column-is-layout-flow\">\n<h3 class=\"wp-block-heading has-text-align-center\">Soutien aux \u00e9nergies renouvelables<\/h3>\n\n\n\n<figure class=\"wp-block-image size-large\"><img loading=\"lazy\" decoding=\"async\" width=\"1024\" height=\"669\" src=\"https:\/\/myhomeenergy.cga.ca\/wp-content\/uploads\/2024\/12\/HP_Header_Image-1024x669.jpg\" alt=\"\" class=\"wp-image-23\" srcset=\"https:\/\/myhomeenergy.cga.ca\/wp-content\/uploads\/2024\/12\/HP_Header_Image-1024x669.jpg 1024w, https:\/\/myhomeenergy.cga.ca\/wp-content\/uploads\/2024\/12\/HP_Header_Image-300x196.jpg 300w, https:\/\/myhomeenergy.cga.ca\/wp-content\/uploads\/2024\/12\/HP_Header_Image-768x502.jpg 768w, https:\/\/myhomeenergy.cga.ca\/wp-content\/uploads\/2024\/12\/HP_Header_Image-1536x1003.jpg 1536w, https:\/\/myhomeenergy.cga.ca\/wp-content\/uploads\/2024\/12\/HP_Header_Image.jpg 1707w\" sizes=\"auto, (max-width: 1024px) 100vw, 1024px\" \/><\/figure>\n\n\n\n<div class=\"wp-block-buttons is-content-justification-center is-layout-flex wp-container-core-buttons-is-layout-a89b3969 wp-block-buttons-is-layout-flex\">\n<div class=\"wp-block-button\"><a class=\"wp-block-button__link has-my-home-white-color has-my-home-dark-red-background-color has-text-color has-background has-link-color wp-element-button\" href=\"#\" style=\"padding-top:var(--wp--preset--spacing--10);padding-right:var(--wp--preset--spacing--30);padding-bottom:var(--wp--preset--spacing--10);padding-left:var(--wp--preset--spacing--30)\">En savoir plus<\/a><\/div>\n<\/div>\n<\/div>\n\n\n\n<div class=\"wp-block-column is-layout-flow wp-block-column-is-layout-flow\">\n<h3 class=\"wp-block-heading has-text-align-center\">Stockage<\/h3>\n\n\n\n<figure class=\"wp-block-image size-large\"><img loading=\"lazy\" decoding=\"async\" width=\"1024\" height=\"669\" src=\"https:\/\/myhomeenergy.cga.ca\/wp-content\/uploads\/2024\/12\/HP_Header_Image-1024x669.jpg\" alt=\"\" class=\"wp-image-23\" srcset=\"https:\/\/myhomeenergy.cga.ca\/wp-content\/uploads\/2024\/12\/HP_Header_Image-1024x669.jpg 1024w, https:\/\/myhomeenergy.cga.ca\/wp-content\/uploads\/2024\/12\/HP_Header_Image-300x196.jpg 300w, https:\/\/myhomeenergy.cga.ca\/wp-content\/uploads\/2024\/12\/HP_Header_Image-768x502.jpg 768w, https:\/\/myhomeenergy.cga.ca\/wp-content\/uploads\/2024\/12\/HP_Header_Image-1536x1003.jpg 1536w, https:\/\/myhomeenergy.cga.ca\/wp-content\/uploads\/2024\/12\/HP_Header_Image.jpg 1707w\" sizes=\"auto, (max-width: 1024px) 100vw, 1024px\" \/><\/figure>\n\n\n\n<div class=\"wp-block-buttons is-content-justification-center is-layout-flex wp-container-core-buttons-is-layout-a89b3969 wp-block-buttons-is-layout-flex\">\n<div class=\"wp-block-button\"><a class=\"wp-block-button__link has-my-home-white-color has-my-home-dark-red-background-color has-text-color has-background has-link-color wp-element-button\" href=\"#\" style=\"padding-top:var(--wp--preset--spacing--10);padding-right:var(--wp--preset--spacing--30);padding-bottom:var(--wp--preset--spacing--10);padding-left:var(--wp--preset--spacing--30)\">En savoir plus<\/a><\/div>\n<\/div>\n<\/div>\n<\/div>\n<\/div>\n<\/div>\n\n<div class=\"wp-block-group alignfull has-global-padding is-layout-constrained wp-block-group-is-layout-constrained\" id=\"section-4\" style=\"padding-top:var(--wp--preset--spacing--30);padding-bottom:var(--wp--preset--spacing--30)\">\n<div class=\"wp-block-group has-global-padding is-layout-constrained wp-block-group-is-layout-constrained\">\n<div class=\"wp-block-columns is-layout-flex wp-container-core-columns-is-layout-28f84493 wp-block-columns-is-layout-flex\">\n<div class=\"wp-block-column is-layout-flow wp-block-column-is-layout-flow\">\n<h2 class=\"wp-block-heading\">Le d\u00eener est pr\u00eat !<\/h2>\n\n\n\n<p>Le gaz naturel permet \u00e0 votre cuisine de fonctionner sans interruption : Faire bouillir de l&#8217;eau pour les p\u00e2tes, pr\u00e9chauffer le four pour les biscuits et les repas gastronomiques. Le gaz naturel est un choix judicieux pour votre cuisine et votre portefeuille !<\/p>\n\n\n\n<div class=\"wp-block-buttons is-layout-flex wp-block-buttons-is-layout-flex\">\n<div class=\"wp-block-button\"><a class=\"wp-block-button__link has-my-home-white-color has-my-home-dark-red-background-color has-text-color has-background has-link-color wp-element-button\" href=\"#\" style=\"padding-top:var(--wp--preset--spacing--10);padding-right:var(--wp--preset--spacing--30);padding-bottom:var(--wp--preset--spacing--10);padding-left:var(--wp--preset--spacing--30)\">En savoir plus<\/a><\/div>\n<\/div>\n<\/div>\n\n\n\n<div class=\"wp-block-column is-layout-flow wp-block-column-is-layout-flow\">\n<figure class=\"wp-block-image size-large\"><img loading=\"lazy\" decoding=\"async\" width=\"1024\" height=\"669\" src=\"https:\/\/myhomeenergy.cga.ca\/wp-content\/uploads\/2024\/12\/HP_Header_Image-1024x669.jpg\" alt=\"\" class=\"wp-image-23\" srcset=\"https:\/\/myhomeenergy.cga.ca\/wp-content\/uploads\/2024\/12\/HP_Header_Image-1024x669.jpg 1024w, https:\/\/myhomeenergy.cga.ca\/wp-content\/uploads\/2024\/12\/HP_Header_Image-300x196.jpg 300w, https:\/\/myhomeenergy.cga.ca\/wp-content\/uploads\/2024\/12\/HP_Header_Image-768x502.jpg 768w, https:\/\/myhomeenergy.cga.ca\/wp-content\/uploads\/2024\/12\/HP_Header_Image-1536x1003.jpg 1536w, https:\/\/myhomeenergy.cga.ca\/wp-content\/uploads\/2024\/12\/HP_Header_Image.jpg 1707w\" sizes=\"auto, (max-width: 1024px) 100vw, 1024px\" \/><\/figure>\n<\/div>\n<\/div>\n<\/div>\n<\/div>\n","protected":false},"excerpt":{"rendered":"<p>C&#8217;est vous qui d\u00e9cidez de la fa\u00e7on dont vous faites votre maison, votre vie et votre vie de famille ! Choisir le gaz naturel comme source d&#8217;\u00e9nergie pour votre maison est une d\u00e9cision intelligente pour rendre l&#8217;\u00e9nergie abordable. Le d\u00eener est pr\u00eat ! Le gaz naturel permet \u00e0 votre cuisine de fonctionner sans interruption : [&hellip;]<\/p>\n","protected":false},"author":1,"featured_media":0,"parent":0,"menu_order":0,"comment_status":"closed","ping_status":"closed","template":"","meta":{"_acf_changed":false,"footnotes":""},"class_list":["post-40","page","type-page","status-publish","hentry"],"acf":[],"_links":{"self":[{"href":"https:\/\/myhomeenergy.cga.ca\/fr\/wp-json\/wp\/v2\/pages\/40","targetHints":{"allow":["GET"]}}],"collection":[{"href":"https:\/\/myhomeenergy.cga.ca\/fr\/wp-json\/wp\/v2\/pages"}],"about":[{"href":"https:\/\/myhomeenergy.cga.ca\/fr\/wp-json\/wp\/v2\/types\/page"}],"author":[{"embeddable":true,"href":"https:\/\/myhomeenergy.cga.ca\/fr\/wp-json\/wp\/v2\/users\/1"}],"replies":[{"embeddable":true,"href":"https:\/\/myhomeenergy.cga.ca\/fr\/wp-json\/wp\/v2\/comments?post=40"}],"version-history":[{"count":4,"href":"https:\/\/myhomeenergy.cga.ca\/fr\/wp-json\/wp\/v2\/pages\/40\/revisions"}],"predecessor-version":[{"id":47,"href":"https:\/\/myhomeenergy.cga.ca\/fr\/wp-json\/wp\/v2\/pages\/40\/revisions\/47"}],"wp:attachment":[{"href":"https:\/\/myhomeenergy.cga.ca\/fr\/wp-json\/wp\/v2\/media?parent=40"}],"curies":[{"name":"wp","href":"https:\/\/api.w.org\/{rel}","templated":true}]}}